{"id":3,"date":"2024-05-01T14:06:44","date_gmt":"2024-05-01T11:06:44","guid":{"rendered":"http:\/\/resitalbahcesehir.com.tr\/?page_id=3"},"modified":"2025-06-01T16:43:43","modified_gmt":"2025-06-01T13:43:43","slug":"aydinlatma-metni","status":"publish","type":"page","link":"https:\/\/resitalbahcesehir.com\/en\/aydinlatma-metni\/","title":{"rendered":"Ayd\u0131nlatma Metni"},"content":{"rendered":"<p>Beyazsaray \u0130n\u015faat G\u0131da Sanayi Ticaret Limited \u015eirketi internet sitesinin gizlilik poli\u00e7esi ve ziyaret\u00e7ilerin g\u00fcvenli\u011fi konular\u0131 hakk\u0131nda bilgiler&#8230; Beyazsaray \u0130n\u015faat G\u0131da Sanayi Ticaret Limited \u015eirketi internet sitesine ho\u015f geldiniz. resitalbahcesehir.com sitesi Beyazsaray \u0130n\u015faat G\u0131da Sanayi Ticaret Limited \u015eirketi&#8217;ne aittir ve bu siteyi ziyaret eden m\u00fc\u015fterilerimizin bilgi g\u00fcvenli\u011fi Beyazsaray \u0130n\u015faat G\u0131da Sanayi Ticaret Limited \u015eirketi i\u00e7in \u00f6nem ta\u015f\u0131maktad\u0131r. Bu metin, bilgi g\u00fcvenli\u011fi ile ilgili sizi bilgilendirmek \u00fczere haz\u0131rlanm\u0131\u015ft\u0131r.<\/p>\n\n\n\n<p>Site sayfalar\u0131n\u0131 ki\u015fisel herhangi bir bilgi vermeden diledi\u011finiz s\u0131kl\u0131kta ziyaret edebilir, \u00fcr\u00fcn ve kampanyalar\u0131m\u0131z hakk\u0131nda bilgi alabilirsiniz. Web sitemizi ziyaretinizde ki\u015fisel bilgileriniz, sadece sizin bilginiz dahilinde sizden temin edilebilmektedir. Sizin bilginiz ile bizim taraf\u0131m\u0131zdan kay\u0131t alt\u0131na al\u0131nan ki\u015fisel bilgileriniz Beyazsaray \u0130n\u015faat G\u0131da Sanayi Ticaret Limited \u015eirketi taraf\u0131ndan korunmaktad\u0131r. Bu nedenle, s\u00f6z konusu ki\u015fisel bilgiler sizin haberiniz veya onay\u0131n\u0131z olmadan ya da hukuksal y\u00fck\u00fcml\u00fcl\u00fck alt\u0131nda bulunulmad\u0131\u011f\u0131 s\u00fcrece taraf\u0131m\u0131zdan di\u011fer ki\u015filere verilmeyecektir.<\/p>\n\n\n\n<p>Kay\u0131t i\u00e7in kulland\u0131\u011f\u0131n\u0131z e-posta adresiniz sadece aktivasyon ve \u00fcyeli\u011finizle ilgili bilgilendirme iletileri g\u00f6ndermek i\u00e7in kullan\u0131lacak ve yasal zorunluluklar veya izniniz haricinde kesinlikle 3. \u015fah\u0131s ve kurumlarla payla\u015f\u0131lmayacakt\u0131r.<\/p>\n\n\n\n<p>Bilgi g\u00fcvenli\u011finizi sa\u011flamak amac\u0131 ile sizlerin de \u015fifrelerinizi kimse ile payla\u015fmaman\u0131z\u0131n gereklili\u011fini vurgulamak isteriz.<\/p>\n\n\n\n<p>Elektronik posta ileti\u015fiminde s\u00f6z konusu mesaj \u015fifrelenmedi\u011fi takdirde mesaj\u0131n g\u00fcvenli\u011finin garanti alt\u0131na al\u0131namad\u0131\u011f\u0131n\u0131 ve g\u00f6nderece\u011finiz elektronik postalar\u0131n g\u00fcvenli\u011finden sizlerin sorumlu oldu\u011funu hat\u0131rlatmak isteriz. Web sitemizde Beyazsaray \u0130n\u015faat G\u0131da Sanayi Ticaret Limited \u015eirketi taraf\u0131ndan i\u015fletilmeyen di\u011fer web sitelerine ba\u011flant\u0131lar verebiliriz. Bu web sitelerinden herhangi birini ziyaret ederseniz o sitenin gizlilik ve di\u011fer politikalar\u0131n\u0131 g\u00f6zden ge\u00e7irmelisiniz. Di\u011fer \u015firketlerin politika ve uygulamalar\u0131ndan sorumlu olmad\u0131\u011f\u0131m\u0131z\u0131 belirtmek isteriz.<\/p>\n\n\n\n<p>Beyazsaray \u0130n\u015faat G\u0131da Sanayi Ticaret Limited \u015eirketi, bu internet sitesinde yer alan b\u00fct\u00fcn \u00fcr\u00fcn ve hizmetleri, sayfalar\u0131, bilgileri, g\u00f6rsel unsurlar\u0131 \u00f6nceden bildirimde bulunmadan de\u011fi\u015ftirme hakk\u0131n\u0131 sakl\u0131 tutar.<\/p>\n\n\n\n<p>Beyazsaray \u0130n\u015faat G\u0131da Sanayi Ticaret Limited \u015eirketi servisleri ile ilgili detayl\u0131 bilgi almak, \u00fcyelik i\u015flemlerini ger\u00e7ekle\u015ftirmek veya \u00fcyelikten ayr\u0131lmak i\u00e7in a\u015fa\u011f\u0131daki eri\u015fim bilgilerinden bize ula\u015fabilirsiniz: resitalbahcesehir.com<\/p>\n\n\n\n<p><\/p>","protected":false},"excerpt":{"rendered":"<p>Beyazsaray \u0130n\u015faat G\u0131da Sanayi Ticaret Limited \u015eirketi internet sitesinin gizlilik poli\u00e7esi ve ziyaret\u00e7ilerin g\u00fcvenli\u011fi konular\u0131 hakk\u0131nda bilgiler&#8230; Beyazsaray \u0130n\u015faat G\u0131da Sanayi Ticaret Limited \u015eirketi internet sitesine ho\u015f geldiniz. resitalbahcesehir.com sitesi Beyazsaray \u0130n\u015faat G\u0131da Sanayi Ticaret Limited \u015eirketi&#8217;ne aittir ve bu siteyi ziyaret eden m\u00fc\u015fterilerimizin bilgi g\u00fcvenli\u011fi Beyazsaray \u0130n\u015faat G\u0131da Sanayi Ticaret Limited \u015eirketi i\u00e7in \u00f6nem [&hellip;]<\/p>","protected":false},"author":1,"featured_media":0,"parent":0,"menu_order":0,"comment_status":"closed","ping_status":"closed","template":"","meta":{"footnotes":""},"class_list":["post-3","page","type-page","status-publish","hentry"],"yoast_head":"<!-- This site is optimized with the Yoast SEO plugin v25.4 - https:\/\/yoast.com\/wordpress\/plugins\/seo\/ -->\n<title>Ayd\u0131nlatma Metni - Resital Bah\u00e7e\u015fehir<\/title>\n<meta name=\"robots\" content=\"index, follow, max-snippet:-1, max-image-preview:large, max-video-preview:-1\" \/>\n<link rel=\"canonical\" href=\"https:\/\/resitalbahcesehir.com\/en\/aydinlatma-metni\/\" \/>\n<meta property=\"og:locale\" content=\"en_US\" \/>\n<meta property=\"og:type\" content=\"article\" \/>\n<meta property=\"og:title\" content=\"Ayd\u0131nlatma Metni - Resital Bah\u00e7e\u015fehir\" \/>\n<meta property=\"og:description\" content=\"Beyazsaray \u0130n\u015faat G\u0131da Sanayi Ticaret Limited \u015eirketi internet sitesinin gizlilik poli\u00e7esi ve ziyaret\u00e7ilerin g\u00fcvenli\u011fi konular\u0131 hakk\u0131nda bilgiler&#8230; Beyazsaray \u0130n\u015faat G\u0131da Sanayi Ticaret Limited \u015eirketi internet sitesine ho\u015f geldiniz. resitalbahcesehir.com sitesi Beyazsaray \u0130n\u015faat G\u0131da Sanayi Ticaret Limited \u015eirketi&#8217;ne aittir ve bu siteyi ziyaret eden m\u00fc\u015fterilerimizin bilgi g\u00fcvenli\u011fi Beyazsaray \u0130n\u015faat G\u0131da Sanayi Ticaret Limited \u015eirketi i\u00e7in \u00f6nem [&hellip;]\" \/>\n<meta property=\"og:url\" content=\"https:\/\/resitalbahcesehir.com\/en\/aydinlatma-metni\/\" \/>\n<meta property=\"og:site_name\" content=\"Resital Bah\u00e7e\u015fehir\" \/>\n<meta property=\"article:modified_time\" content=\"2025-06-01T13:43:43+00:00\" \/>\n<meta name=\"twitter:card\" content=\"summary_large_image\" \/>\n<meta name=\"twitter:label1\" content=\"Est. reading time\" \/>\n\t<meta name=\"twitter:data1\" content=\"2 minutes\" \/>\n<script type=\"application\/ld+json\" class=\"yoast-schema-graph\">{\"@context\":\"https:\/\/schema.org\",\"@graph\":[{\"@type\":\"WebPage\",\"@id\":\"https:\/\/resitalbahcesehir.com\/aydinlatma-metni\/\",\"url\":\"https:\/\/resitalbahcesehir.com\/aydinlatma-metni\/\",\"name\":\"Ayd\u0131nlatma Metni - Resital Bah\u00e7e\u015fehir\",\"isPartOf\":{\"@id\":\"https:\/\/resitalbahcesehir.com\/#website\"},\"datePublished\":\"2024-05-01T11:06:44+00:00\",\"dateModified\":\"2025-06-01T13:43:43+00:00\",\"breadcrumb\":{\"@id\":\"https:\/\/resitalbahcesehir.com\/aydinlatma-metni\/#breadcrumb\"},\"inLanguage\":\"en-US\",\"potentialAction\":[{\"@type\":\"ReadAction\",\"target\":[\"https:\/\/resitalbahcesehir.com\/aydinlatma-metni\/\"]}]},{\"@type\":\"BreadcrumbList\",\"@id\":\"https:\/\/resitalbahcesehir.com\/aydinlatma-metni\/#breadcrumb\",\"itemListElement\":[{\"@type\":\"ListItem\",\"position\":1,\"name\":\"Anasayfa\",\"item\":\"https:\/\/resitalbahcesehir.com\/\"},{\"@type\":\"ListItem\",\"position\":2,\"name\":\"Ayd\u0131nlatma Metni\"}]},{\"@type\":\"WebSite\",\"@id\":\"https:\/\/resitalbahcesehir.com\/#website\",\"url\":\"https:\/\/resitalbahcesehir.com\/\",\"name\":\"Resital Bah\u00e7e\u015fehir\",\"description\":\"\",\"publisher\":{\"@id\":\"https:\/\/resitalbahcesehir.com\/#organization\"},\"potentialAction\":[{\"@type\":\"SearchAction\",\"target\":{\"@type\":\"EntryPoint\",\"urlTemplate\":\"https:\/\/resitalbahcesehir.com\/?s={search_term_string}\"},\"query-input\":{\"@type\":\"PropertyValueSpecification\",\"valueRequired\":true,\"valueName\":\"search_term_string\"}}],\"inLanguage\":\"en-US\"},{\"@type\":\"Organization\",\"@id\":\"https:\/\/resitalbahcesehir.com\/#organization\",\"name\":\"Resital Bah\u00e7e\u015fehir\",\"url\":\"https:\/\/resitalbahcesehir.com\/\",\"logo\":{\"@type\":\"ImageObject\",\"inLanguage\":\"en-US\",\"@id\":\"https:\/\/resitalbahcesehir.com\/#\/schema\/logo\/image\/\",\"url\":\"https:\/\/resitalbahcesehir.com\/wp-content\/uploads\/2024\/05\/resitalbeyaz.webp\",\"contentUrl\":\"https:\/\/resitalbahcesehir.com\/wp-content\/uploads\/2024\/05\/resitalbeyaz.webp\",\"width\":2344,\"height\":2176,\"caption\":\"Resital Bah\u00e7e\u015fehir\"},\"image\":{\"@id\":\"https:\/\/resitalbahcesehir.com\/#\/schema\/logo\/image\/\"}}]}<\/script>\n<!-- \/ Yoast SEO plugin. -->","yoast_head_json":{"title":"Ayd\u0131nlatma Metni - Resital Bah\u00e7e\u015fehir","robots":{"index":"index","follow":"follow","max-snippet":"max-snippet:-1","max-image-preview":"max-image-preview:large","max-video-preview":"max-video-preview:-1"},"canonical":"https:\/\/resitalbahcesehir.com\/en\/aydinlatma-metni\/","og_locale":"en_US","og_type":"article","og_title":"Ayd\u0131nlatma Metni - Resital Bah\u00e7e\u015fehir","og_description":"Beyazsaray \u0130n\u015faat G\u0131da Sanayi Ticaret Limited \u015eirketi internet sitesinin gizlilik poli\u00e7esi ve ziyaret\u00e7ilerin g\u00fcvenli\u011fi konular\u0131 hakk\u0131nda bilgiler&#8230; Beyazsaray \u0130n\u015faat G\u0131da Sanayi Ticaret Limited \u015eirketi internet sitesine ho\u015f geldiniz. resitalbahcesehir.com sitesi Beyazsaray \u0130n\u015faat G\u0131da Sanayi Ticaret Limited \u015eirketi&#8217;ne aittir ve bu siteyi ziyaret eden m\u00fc\u015fterilerimizin bilgi g\u00fcvenli\u011fi Beyazsaray \u0130n\u015faat G\u0131da Sanayi Ticaret Limited \u015eirketi i\u00e7in \u00f6nem [&hellip;]","og_url":"https:\/\/resitalbahcesehir.com\/en\/aydinlatma-metni\/","og_site_name":"Resital Bah\u00e7e\u015fehir","article_modified_time":"2025-06-01T13:43:43+00:00","twitter_card":"summary_large_image","twitter_misc":{"Est. reading time":"2 minutes"},"schema":{"@context":"https:\/\/schema.org","@graph":[{"@type":"WebPage","@id":"https:\/\/resitalbahcesehir.com\/aydinlatma-metni\/","url":"https:\/\/resitalbahcesehir.com\/aydinlatma-metni\/","name":"Ayd\u0131nlatma Metni - Resital Bah\u00e7e\u015fehir","isPartOf":{"@id":"https:\/\/resitalbahcesehir.com\/#website"},"datePublished":"2024-05-01T11:06:44+00:00","dateModified":"2025-06-01T13:43:43+00:00","breadcrumb":{"@id":"https:\/\/resitalbahcesehir.com\/aydinlatma-metni\/#breadcrumb"},"inLanguage":"en-US","potentialAction":[{"@type":"ReadAction","target":["https:\/\/resitalbahcesehir.com\/aydinlatma-metni\/"]}]},{"@type":"BreadcrumbList","@id":"https:\/\/resitalbahcesehir.com\/aydinlatma-metni\/#breadcrumb","itemListElement":[{"@type":"ListItem","position":1,"name":"Anasayfa","item":"https:\/\/resitalbahcesehir.com\/"},{"@type":"ListItem","position":2,"name":"Ayd\u0131nlatma Metni"}]},{"@type":"WebSite","@id":"https:\/\/resitalbahcesehir.com\/#website","url":"https:\/\/resitalbahcesehir.com\/","name":"Resital Bah\u00e7e\u015fehir","description":"","publisher":{"@id":"https:\/\/resitalbahcesehir.com\/#organization"},"potentialAction":[{"@type":"SearchAction","target":{"@type":"EntryPoint","urlTemplate":"https:\/\/resitalbahcesehir.com\/?s={search_term_string}"},"query-input":{"@type":"PropertyValueSpecification","valueRequired":true,"valueName":"search_term_string"}}],"inLanguage":"en-US"},{"@type":"Organization","@id":"https:\/\/resitalbahcesehir.com\/#organization","name":"Resital Bah\u00e7e\u015fehir","url":"https:\/\/resitalbahcesehir.com\/","logo":{"@type":"ImageObject","inLanguage":"en-US","@id":"https:\/\/resitalbahcesehir.com\/#\/schema\/logo\/image\/","url":"https:\/\/resitalbahcesehir.com\/wp-content\/uploads\/2024\/05\/resitalbeyaz.webp","contentUrl":"https:\/\/resitalbahcesehir.com\/wp-content\/uploads\/2024\/05\/resitalbeyaz.webp","width":2344,"height":2176,"caption":"Resital Bah\u00e7e\u015fehir"},"image":{"@id":"https:\/\/resitalbahcesehir.com\/#\/schema\/logo\/image\/"}}]}},"_links":{"self":[{"href":"https:\/\/resitalbahcesehir.com\/en\/wp-json\/wp\/v2\/pages\/3","targetHints":{"allow":["GET"]}}],"collection":[{"href":"https:\/\/resitalbahcesehir.com\/en\/wp-json\/wp\/v2\/pages"}],"about":[{"href":"https:\/\/resitalbahcesehir.com\/en\/wp-json\/wp\/v2\/types\/page"}],"author":[{"embeddable":true,"href":"https:\/\/resitalbahcesehir.com\/en\/wp-json\/wp\/v2\/users\/1"}],"replies":[{"embeddable":true,"href":"https:\/\/resitalbahcesehir.com\/en\/wp-json\/wp\/v2\/comments?post=3"}],"version-history":[{"count":3,"href":"https:\/\/resitalbahcesehir.com\/en\/wp-json\/wp\/v2\/pages\/3\/revisions"}],"predecessor-version":[{"id":3869,"href":"https:\/\/resitalbahcesehir.com\/en\/wp-json\/wp\/v2\/pages\/3\/revisions\/3869"}],"wp:attachment":[{"href":"https:\/\/resitalbahcesehir.com\/en\/wp-json\/wp\/v2\/media?parent=3"}],"curies":[{"name":"wp","href":"https:\/\/api.w.org\/{rel}","templated":true}]}}